{"id":83,"date":"2023-07-03T16:23:41","date_gmt":"2023-07-03T16:23:41","guid":{"rendered":"http:\/\/recreofun.com\/?page_id=83"},"modified":"2025-12-25T10:26:58","modified_gmt":"2025-12-25T15:26:58","slug":"promotions","status":"publish","type":"page","link":"https:\/\/recreofun.com\/fr\/promotions\/","title":{"rendered":"Promotions"},"content":{"rendered":"","protected":false},"excerpt":{"rendered":"","protected":false},"author":1,"featured_media":0,"parent":0,"menu_order":0,"comment_status":"closed","ping_status":"closed","template":"promotions.php","meta":{"_mo_disable_npp":"","inline_featured_image":false},"acf":[],"yoast_head":"<!-- This site is optimized with the Yoast SEO plugin v20.10 - https:\/\/yoast.com\/wordpress\/plugins\/seo\/ -->\n<title>Promotions | Centre d&#039;amusement | R\u00e9cr\u00e9OFUN<\/title>\n<meta name=\"description\" content=\"M\u00e9ga centres d\u2019amusement offrant la plus grande diversit\u00e9 de jeux pour bouger. 3 succursales: St-Bruno, Qu\u00e9bec, Trois-Rivi\u00e8res. Plaisir garanti!\" \/>\n<meta name=\"robots\" content=\"index, follow, max-snippet:-1, max-image-preview:large, max-video-preview:-1\" \/>\n<link rel=\"canonical\" href=\"https:\/\/recreofun.com\/fr\/promotions\/\" \/>\n<meta property=\"og:locale\" content=\"fr_FR\" \/>\n<meta property=\"og:type\" content=\"article\" \/>\n<meta property=\"og:title\" content=\"Promotions | Centre d&#039;amusement | R\u00e9cr\u00e9OFUN\" \/>\n<meta property=\"og:description\" content=\"M\u00e9ga centres d\u2019amusement offrant la plus grande diversit\u00e9 de jeux pour bouger. 3 succursales: St-Bruno, Qu\u00e9bec, Trois-Rivi\u00e8res. Plaisir garanti!\" \/>\n<meta property=\"og:url\" content=\"https:\/\/recreofun.com\/fr\/promotions\/\" \/>\n<meta property=\"og:site_name\" content=\"R\u00e9cr\u00e9ofun\" \/>\n<meta property=\"article:modified_time\" content=\"2025-12-25T15:26:58+00:00\" \/>\n<meta name=\"twitter:card\" content=\"summary_large_image\" \/>\n<script type=\"application\/ld+json\" class=\"yoast-schema-graph\">{\"@context\":\"https:\/\/schema.org\",\"@graph\":[{\"@type\":\"WebPage\",\"@id\":\"https:\/\/recreofun.com\/fr\/promotions\/\",\"url\":\"https:\/\/recreofun.com\/fr\/promotions\/\",\"name\":\"Promotions | Centre d'amusement | R\u00e9cr\u00e9OFUN\",\"isPartOf\":{\"@id\":\"https:\/\/recreofun.com\/fr\/#website\"},\"datePublished\":\"2023-07-03T16:23:41+00:00\",\"dateModified\":\"2025-12-25T15:26:58+00:00\",\"description\":\"M\u00e9ga centres d\u2019amusement offrant la plus grande diversit\u00e9 de jeux pour bouger. 3 succursales: St-Bruno, Qu\u00e9bec, Trois-Rivi\u00e8res. Plaisir garanti!\",\"breadcrumb\":{\"@id\":\"https:\/\/recreofun.com\/fr\/promotions\/#breadcrumb\"},\"inLanguage\":\"fr-FR\",\"potentialAction\":[{\"@type\":\"ReadAction\",\"target\":[\"https:\/\/recreofun.com\/fr\/promotions\/\"]}]},{\"@type\":\"BreadcrumbList\",\"@id\":\"https:\/\/recreofun.com\/fr\/promotions\/#breadcrumb\",\"itemListElement\":[{\"@type\":\"ListItem\",\"position\":1,\"name\":\"Accueil\",\"item\":\"https:\/\/recreofun.com\/fr\/\"},{\"@type\":\"ListItem\",\"position\":2,\"name\":\"Promotions\"}]},{\"@type\":\"WebSite\",\"@id\":\"https:\/\/recreofun.com\/fr\/#website\",\"url\":\"https:\/\/recreofun.com\/fr\/\",\"name\":\"R\u00e9cr\u00e9ofun\",\"description\":\"\",\"publisher\":{\"@id\":\"https:\/\/recreofun.com\/fr\/#organization\"},\"potentialAction\":[{\"@type\":\"SearchAction\",\"target\":{\"@type\":\"EntryPoint\",\"urlTemplate\":\"https:\/\/recreofun.com\/fr\/?s={search_term_string}\"},\"query-input\":\"required name=search_term_string\"}],\"inLanguage\":\"fr-FR\"},{\"@type\":\"Organization\",\"@id\":\"https:\/\/recreofun.com\/fr\/#organization\",\"name\":\"R\u00e9cr\u00e9ofun\",\"url\":\"https:\/\/recreofun.com\/fr\/\",\"logo\":{\"@type\":\"ImageObject\",\"inLanguage\":\"fr-FR\",\"@id\":\"https:\/\/recreofun.com\/fr\/#\/schema\/logo\/image\/\",\"url\":\"http:\/\/recreofun.com\/wp-content\/uploads\/2023\/08\/logo-recreofun.png\",\"contentUrl\":\"http:\/\/recreofun.com\/wp-content\/uploads\/2023\/08\/logo-recreofun.png\",\"width\":1000,\"height\":1000,\"caption\":\"R\u00e9cr\u00e9ofun\"},\"image\":{\"@id\":\"https:\/\/recreofun.com\/fr\/#\/schema\/logo\/image\/\"}}]}<\/script>\n<!-- \/ Yoast SEO plugin. -->","yoast_head_json":{"title":"Promotions | Centre d'amusement | R\u00e9cr\u00e9OFUN","description":"M\u00e9ga centres d\u2019amusement offrant la plus grande diversit\u00e9 de jeux pour bouger. 3 succursales: St-Bruno, Qu\u00e9bec, Trois-Rivi\u00e8res. Plaisir garanti!","robots":{"index":"index","follow":"follow","max-snippet":"max-snippet:-1","max-image-preview":"max-image-preview:large","max-video-preview":"max-video-preview:-1"},"canonical":"https:\/\/recreofun.com\/fr\/promotions\/","og_locale":"fr_FR","og_type":"article","og_title":"Promotions | Centre d'amusement | R\u00e9cr\u00e9OFUN","og_description":"M\u00e9ga centres d\u2019amusement offrant la plus grande diversit\u00e9 de jeux pour bouger. 3 succursales: St-Bruno, Qu\u00e9bec, Trois-Rivi\u00e8res. Plaisir garanti!","og_url":"https:\/\/recreofun.com\/fr\/promotions\/","og_site_name":"R\u00e9cr\u00e9ofun","article_modified_time":"2025-12-25T15:26:58+00:00","twitter_card":"summary_large_image","schema":{"@context":"https:\/\/schema.org","@graph":[{"@type":"WebPage","@id":"https:\/\/recreofun.com\/fr\/promotions\/","url":"https:\/\/recreofun.com\/fr\/promotions\/","name":"Promotions | Centre d'amusement | R\u00e9cr\u00e9OFUN","isPartOf":{"@id":"https:\/\/recreofun.com\/fr\/#website"},"datePublished":"2023-07-03T16:23:41+00:00","dateModified":"2025-12-25T15:26:58+00:00","description":"M\u00e9ga centres d\u2019amusement offrant la plus grande diversit\u00e9 de jeux pour bouger. 3 succursales: St-Bruno, Qu\u00e9bec, Trois-Rivi\u00e8res. Plaisir garanti!","breadcrumb":{"@id":"https:\/\/recreofun.com\/fr\/promotions\/#breadcrumb"},"inLanguage":"fr-FR","potentialAction":[{"@type":"ReadAction","target":["https:\/\/recreofun.com\/fr\/promotions\/"]}]},{"@type":"BreadcrumbList","@id":"https:\/\/recreofun.com\/fr\/promotions\/#breadcrumb","itemListElement":[{"@type":"ListItem","position":1,"name":"Accueil","item":"https:\/\/recreofun.com\/fr\/"},{"@type":"ListItem","position":2,"name":"Promotions"}]},{"@type":"WebSite","@id":"https:\/\/recreofun.com\/fr\/#website","url":"https:\/\/recreofun.com\/fr\/","name":"R\u00e9cr\u00e9ofun","description":"","publisher":{"@id":"https:\/\/recreofun.com\/fr\/#organization"},"potentialAction":[{"@type":"SearchAction","target":{"@type":"EntryPoint","urlTemplate":"https:\/\/recreofun.com\/fr\/?s={search_term_string}"},"query-input":"required name=search_term_string"}],"inLanguage":"fr-FR"},{"@type":"Organization","@id":"https:\/\/recreofun.com\/fr\/#organization","name":"R\u00e9cr\u00e9ofun","url":"https:\/\/recreofun.com\/fr\/","logo":{"@type":"ImageObject","inLanguage":"fr-FR","@id":"https:\/\/recreofun.com\/fr\/#\/schema\/logo\/image\/","url":"http:\/\/recreofun.com\/wp-content\/uploads\/2023\/08\/logo-recreofun.png","contentUrl":"http:\/\/recreofun.com\/wp-content\/uploads\/2023\/08\/logo-recreofun.png","width":1000,"height":1000,"caption":"R\u00e9cr\u00e9ofun"},"image":{"@id":"https:\/\/recreofun.com\/fr\/#\/schema\/logo\/image\/"}}]}},"_links":{"self":[{"href":"https:\/\/recreofun.com\/fr\/wp-json\/wp\/v2\/pages\/83"}],"collection":[{"href":"https:\/\/recreofun.com\/fr\/wp-json\/wp\/v2\/pages"}],"about":[{"href":"https:\/\/recreofun.com\/fr\/wp-json\/wp\/v2\/types\/page"}],"author":[{"embeddable":true,"href":"https:\/\/recreofun.com\/fr\/wp-json\/wp\/v2\/users\/1"}],"replies":[{"embeddable":true,"href":"https:\/\/recreofun.com\/fr\/wp-json\/wp\/v2\/comments?post=83"}],"version-history":[{"count":126,"href":"https:\/\/recreofun.com\/fr\/wp-json\/wp\/v2\/pages\/83\/revisions"}],"predecessor-version":[{"id":9027,"href":"https:\/\/recreofun.com\/fr\/wp-json\/wp\/v2\/pages\/83\/revisions\/9027"}],"wp:attachment":[{"href":"https:\/\/recreofun.com\/fr\/wp-json\/wp\/v2\/media?parent=83"}],"curies":[{"name":"wp","href":"https:\/\/api.w.org\/{rel}","templated":true}]}}